{"id":281,"date":"2017-11-09T09:23:59","date_gmt":"2017-11-09T07:23:59","guid":{"rendered":"https:\/\/monaromanatural.com\/?post_type=product&#038;p=281"},"modified":"2019-12-04T16:19:19","modified_gmt":"2019-12-04T14:19:19","slug":"taller-de-cosmetica-natural","status":"publish","type":"product","link":"https:\/\/monaromanatural.com\/v0\/shop\/taller-de-cosmetica-natural\/","title":{"rendered":"Taller de cosm\u00e9tica natural"},"content":{"rendered":"<p>Flores, aceites, m\u00fasica&#8230;<\/p>\n<p>Una experiencia sensorial maravillosa.<\/p>\n<p>Un taller para grupos de 5 a 10 personas en las que os ense\u00f1ar\u00e9 las incre\u00edbles propiedades de los aceites vegetales. Podr\u00e9is crear vuestro propio producto de cosm\u00e9tica natural personalizado para vuestra piel y seg\u00fan los aromas que m\u00e1s os inspiren. Adem\u00e1s os entregar\u00e9 un dossier con los apuntes de la sesi\u00f3n y os explicar\u00e9 rituales de belleza para hacer en casa. Por \u00faltimo, podr\u00e9is disfrutar de la experiencia &#8220;manos bonitas&#8221;, un masaje exfoliante e hidratente que dejar\u00e1 vuestras manos relajadas y con un tacto s\u00faper sedoso.<\/p>\n","protected":false},"excerpt":{"rendered":"<p>Flores, aceites, m\u00fasica&#8230;<\/p>\n<p>Una experiencia sensorial maravillosa.<\/p>\n<p>Un taller para grupos de 5 a 10 personas en las que os ense\u00f1ar\u00e9 las incre\u00edbles propiedades de los aceites vegetales. Podr\u00e9is crear vuestro propio producto de cosm\u00e9tica natural personalizado para vuestra piel y seg\u00fan los aromas que m\u00e1s os inspiren. Adem\u00e1s os entregar\u00e9 un dossier con los apuntes de la sesi\u00f3n y os explicar\u00e9 rituales de belleza para hacer en casa. Por \u00faltimo, podr\u00e9is disfrutar de la experiencia &#8220;manos bonitas&#8221;, un masaje exfoliante e hidratente que dejar\u00e1 vuestras manos relajadas y con un tacto s\u00faper sedoso.<\/p>\n","protected":false},"featured_media":1511,"comment_status":"open","ping_status":"closed","template":"","meta":{"_genesis_hide_title":false,"_genesis_hide_breadcrumbs":false,"_genesis_hide_singular_image":false,"_genesis_hide_footer_widgets":false,"_genesis_custom_body_class":"","_genesis_custom_post_class":"","_genesis_layout":""},"product_cat":[23],"product_tag":[],"acf":[],"yoast_head":"<!-- This site is optimized with the Yoast SEO plugin v18.0 - https:\/\/yoast.com\/wordpress\/plugins\/seo\/ -->\n<title>Taller de cosm\u00e9tica natural - Mon Aroma<\/title>\n<meta name=\"robots\" content=\"index, follow, max-snippet:-1, max-image-preview:large, max-video-preview:-1\" \/>\n<link rel=\"canonical\" href=\"https:\/\/monaromanatural.com\/v0\/shop\/taller-de-cosmetica-natural\/\" \/>\n<meta property=\"og:locale\" content=\"es_ES\" \/>\n<meta property=\"og:type\" content=\"article\" \/>\n<meta property=\"og:title\" content=\"Taller de cosm\u00e9tica natural - Mon Aroma\" \/>\n<meta property=\"og:description\" content=\"Flores, aceites, m\u00fasica...  Una experiencia sensorial maravillosa.  Un taller para grupos de 5 a 10 personas en las que os ense\u00f1ar\u00e9 las incre\u00edbles propiedades de los aceites vegetales. Podr\u00e9is crear vuestro propio producto de cosm\u00e9tica natural personalizado para vuestra piel y seg\u00fan los aromas que m\u00e1s os inspiren. Adem\u00e1s os entregar\u00e9 un dossier con los apuntes de la sesi\u00f3n y os explicar\u00e9 rituales de belleza para hacer en casa. Por \u00faltimo, podr\u00e9is disfrutar de la experiencia &quot;manos bonitas&quot;, un masaje exfoliante e hidratente que dejar\u00e1 vuestras manos relajadas y con un tacto s\u00faper sedoso.\" \/>\n<meta property=\"og:url\" content=\"https:\/\/monaromanatural.com\/v0\/shop\/taller-de-cosmetica-natural\/\" \/>\n<meta property=\"og:site_name\" content=\"Mon Aroma\" \/>\n<meta property=\"article:modified_time\" content=\"2019-12-04T14:19:19+00:00\" \/>\n<meta property=\"og:image\" content=\"https:\/\/monaromanatural.com\/v0\/wp-content\/uploads\/2019\/04\/mon_aroma_tallers.jpg\" \/>\n\t<meta property=\"og:image:width\" content=\"470\" \/>\n\t<meta property=\"og:image:height\" content=\"490\" \/>\n\t<meta property=\"og:image:type\" content=\"image\/jpeg\" \/>\n<meta name=\"twitter:card\" content=\"summary_large_image\" \/>\n<meta name=\"twitter:label1\" content=\"Tiempo de lectura\" \/>\n\t<meta name=\"twitter:data1\" content=\"1 minuto\" \/>\n<script type=\"application\/ld+json\" class=\"yoast-schema-graph\">{\"@context\":\"https:\/\/schema.org\",\"@graph\":[{\"@type\":\"WebSite\",\"@id\":\"https:\/\/monaromanatural.com\/v0\/#website\",\"url\":\"https:\/\/monaromanatural.com\/v0\/\",\"name\":\"Mon Aroma\",\"description\":\"Cosm\u00e9tica Natural\",\"potentialAction\":[{\"@type\":\"SearchAction\",\"target\":{\"@type\":\"EntryPoint\",\"urlTemplate\":\"https:\/\/monaromanatural.com\/v0\/?s={search_term_string}\"},\"query-input\":\"required name=search_term_string\"}],\"inLanguage\":\"es\"},{\"@type\":\"ImageObject\",\"@id\":\"https:\/\/monaromanatural.com\/v0\/shop\/taller-de-cosmetica-natural\/#primaryimage\",\"inLanguage\":\"es\",\"url\":\"https:\/\/monaromanatural.com\/v0\/wp-content\/uploads\/2019\/04\/mon_aroma_tallers.jpg\",\"contentUrl\":\"https:\/\/monaromanatural.com\/v0\/wp-content\/uploads\/2019\/04\/mon_aroma_tallers.jpg\",\"width\":470,\"height\":490},{\"@type\":\"WebPage\",\"@id\":\"https:\/\/monaromanatural.com\/v0\/shop\/taller-de-cosmetica-natural\/#webpage\",\"url\":\"https:\/\/monaromanatural.com\/v0\/shop\/taller-de-cosmetica-natural\/\",\"name\":\"Taller de cosm\u00e9tica natural - Mon Aroma\",\"isPartOf\":{\"@id\":\"https:\/\/monaromanatural.com\/v0\/#website\"},\"primaryImageOfPage\":{\"@id\":\"https:\/\/monaromanatural.com\/v0\/shop\/taller-de-cosmetica-natural\/#primaryimage\"},\"datePublished\":\"2017-11-09T07:23:59+00:00\",\"dateModified\":\"2019-12-04T14:19:19+00:00\",\"breadcrumb\":{\"@id\":\"https:\/\/monaromanatural.com\/v0\/shop\/taller-de-cosmetica-natural\/#breadcrumb\"},\"inLanguage\":\"es\",\"potentialAction\":[{\"@type\":\"ReadAction\",\"target\":[\"https:\/\/monaromanatural.com\/v0\/shop\/taller-de-cosmetica-natural\/\"]}]},{\"@type\":\"BreadcrumbList\",\"@id\":\"https:\/\/monaromanatural.com\/v0\/shop\/taller-de-cosmetica-natural\/#breadcrumb\",\"itemListElement\":[{\"@type\":\"ListItem\",\"position\":1,\"name\":\"Home\",\"item\":\"https:\/\/monaromanatural.com\/v0\/\"},{\"@type\":\"ListItem\",\"position\":2,\"name\":\"shop\",\"item\":\"https:\/\/monaromanatural.com\/v0\/shop\/\"},{\"@type\":\"ListItem\",\"position\":3,\"name\":\"Taller de cosm\u00e9tica natural\"}]}]}<\/script>\n<!-- \/ Yoast SEO plugin. -->","yoast_head_json":{"title":"Taller de cosm\u00e9tica natural - Mon Aroma","robots":{"index":"index","follow":"follow","max-snippet":"max-snippet:-1","max-image-preview":"max-image-preview:large","max-video-preview":"max-video-preview:-1"},"canonical":"https:\/\/monaromanatural.com\/v0\/shop\/taller-de-cosmetica-natural\/","og_locale":"es_ES","og_type":"article","og_title":"Taller de cosm\u00e9tica natural - Mon Aroma","og_description":"Flores, aceites, m\u00fasica...  Una experiencia sensorial maravillosa.  Un taller para grupos de 5 a 10 personas en las que os ense\u00f1ar\u00e9 las incre\u00edbles propiedades de los aceites vegetales. Podr\u00e9is crear vuestro propio producto de cosm\u00e9tica natural personalizado para vuestra piel y seg\u00fan los aromas que m\u00e1s os inspiren. Adem\u00e1s os entregar\u00e9 un dossier con los apuntes de la sesi\u00f3n y os explicar\u00e9 rituales de belleza para hacer en casa. Por \u00faltimo, podr\u00e9is disfrutar de la experiencia \"manos bonitas\", un masaje exfoliante e hidratente que dejar\u00e1 vuestras manos relajadas y con un tacto s\u00faper sedoso.","og_url":"https:\/\/monaromanatural.com\/v0\/shop\/taller-de-cosmetica-natural\/","og_site_name":"Mon Aroma","article_modified_time":"2019-12-04T14:19:19+00:00","og_image":[{"width":470,"height":490,"url":"https:\/\/monaromanatural.com\/v0\/wp-content\/uploads\/2019\/04\/mon_aroma_tallers.jpg","type":"image\/jpeg"}],"twitter_card":"summary_large_image","twitter_misc":{"Tiempo de lectura":"1 minuto"},"schema":{"@context":"https:\/\/schema.org","@graph":[{"@type":"WebSite","@id":"https:\/\/monaromanatural.com\/v0\/#website","url":"https:\/\/monaromanatural.com\/v0\/","name":"Mon Aroma","description":"Cosm\u00e9tica Natural","potentialAction":[{"@type":"SearchAction","target":{"@type":"EntryPoint","urlTemplate":"https:\/\/monaromanatural.com\/v0\/?s={search_term_string}"},"query-input":"required name=search_term_string"}],"inLanguage":"es"},{"@type":"ImageObject","@id":"https:\/\/monaromanatural.com\/v0\/shop\/taller-de-cosmetica-natural\/#primaryimage","inLanguage":"es","url":"https:\/\/monaromanatural.com\/v0\/wp-content\/uploads\/2019\/04\/mon_aroma_tallers.jpg","contentUrl":"https:\/\/monaromanatural.com\/v0\/wp-content\/uploads\/2019\/04\/mon_aroma_tallers.jpg","width":470,"height":490},{"@type":"WebPage","@id":"https:\/\/monaromanatural.com\/v0\/shop\/taller-de-cosmetica-natural\/#webpage","url":"https:\/\/monaromanatural.com\/v0\/shop\/taller-de-cosmetica-natural\/","name":"Taller de cosm\u00e9tica natural - Mon Aroma","isPartOf":{"@id":"https:\/\/monaromanatural.com\/v0\/#website"},"primaryImageOfPage":{"@id":"https:\/\/monaromanatural.com\/v0\/shop\/taller-de-cosmetica-natural\/#primaryimage"},"datePublished":"2017-11-09T07:23:59+00:00","dateModified":"2019-12-04T14:19:19+00:00","breadcrumb":{"@id":"https:\/\/monaromanatural.com\/v0\/shop\/taller-de-cosmetica-natural\/#breadcrumb"},"inLanguage":"es","potentialAction":[{"@type":"ReadAction","target":["https:\/\/monaromanatural.com\/v0\/shop\/taller-de-cosmetica-natural\/"]}]},{"@type":"BreadcrumbList","@id":"https:\/\/monaromanatural.com\/v0\/shop\/taller-de-cosmetica-natural\/#breadcrumb","itemListElement":[{"@type":"ListItem","position":1,"name":"Home","item":"https:\/\/monaromanatural.com\/v0\/"},{"@type":"ListItem","position":2,"name":"shop","item":"https:\/\/monaromanatural.com\/v0\/shop\/"},{"@type":"ListItem","position":3,"name":"Taller de cosm\u00e9tica natural"}]}]}},"_links":{"self":[{"href":"https:\/\/monaromanatural.com\/v0\/wp-json\/wp\/v2\/product\/281"}],"collection":[{"href":"https:\/\/monaromanatural.com\/v0\/wp-json\/wp\/v2\/product"}],"about":[{"href":"https:\/\/monaromanatural.com\/v0\/wp-json\/wp\/v2\/types\/product"}],"replies":[{"embeddable":true,"href":"https:\/\/monaromanatural.com\/v0\/wp-json\/wp\/v2\/comments?post=281"}],"wp:featuredmedia":[{"embeddable":true,"href":"https:\/\/monaromanatural.com\/v0\/wp-json\/wp\/v2\/media\/1511"}],"wp:attachment":[{"href":"https:\/\/monaromanatural.com\/v0\/wp-json\/wp\/v2\/media?parent=281"}],"wp:term":[{"taxonomy":"product_cat","embeddable":true,"href":"https:\/\/monaromanatural.com\/v0\/wp-json\/wp\/v2\/product_cat?post=281"},{"taxonomy":"product_tag","embeddable":true,"href":"https:\/\/monaromanatural.com\/v0\/wp-json\/wp\/v2\/product_tag?post=281"}],"curies":[{"name":"wp","href":"https:\/\/api.w.org\/{rel}","templated":true}]}}